{"id":20,"date":"2023-10-13T10:38:00","date_gmt":"2023-10-13T07:38:00","guid":{"rendered":"https:\/2023\/?page_id=20"},"modified":"2026-01-13T14:50:03","modified_gmt":"2026-01-13T17:50:03","slug":"inicio-2","status":"publish","type":"page","link":"https:\/\/renzex.com.br\/","title":{"rendered":"Perfis de alum\u00ednio e ilumina\u00e7\u00e3o led para m\u00f3veis Renzex"},"content":{"rendered":"<section class=\"l-section wpb_row us_custom_dbd2b435 height_large full_height valign_center color_primary with_slider\"><div class=\"l-section-slider\"><div class=\"w-slider style_none fit_cover nav_none count_2\"><div class=\"w-slider-h\"><div class=\"royalSlider\"><div class=\"rsContent\"><a class=\"rsImg\" data-rsw=\"2000\" data-rsh=\"1333\" href=\"https:\/\/renzex.com.br\/wp-content\/uploads\/21507719432.webp\"><span data-alt=\"\"><\/span><\/a><\/div><div class=\"rsContent\"><a class=\"rsImg\" data-rsw=\"2000\" data-rsh=\"1333\" href=\"https:\/\/renzex.com.br\/wp-content\/uploads\/2150771943.webp\"><span data-alt=\"\"><\/span><\/a><\/div><\/div><img decoding=\"async\" src=\"https:\/\/renzex.com.br\/wp-content\/uploads\/21507719432.webp\" width=\"2000\" height=\"1333\" alt loading=\"lazy\"><\/div><div class=\"w-slider-json\" onclick='return {&quot;autoScaleSlider&quot;:true,&quot;addActiveClass&quot;:true,&quot;loop&quot;:true,&quot;fadeInLoadedSlide&quot;:false,&quot;slidesSpacing&quot;:0,&quot;imageScalePadding&quot;:0,&quot;numImagesToPreload&quot;:2,&quot;arrowsNav&quot;:false,&quot;arrowsNavAutoHide&quot;:false,&quot;transitionType&quot;:&quot;fade&quot;,&quot;transitionSpeed&quot;:1000,&quot;block&quot;:{&quot;moveEffect&quot;:&quot;none&quot;,&quot;speed&quot;:300},&quot;thumbs&quot;:{&quot;fitInViewport&quot;:false,&quot;firstMargin&quot;:false,&quot;spacing&quot;:4},&quot;controlNavigation&quot;:&quot;none&quot;,&quot;autoplay&quot;:{&quot;enabled&quot;:true,&quot;pauseOnHover&quot;:false,&quot;delay&quot;:3000},&quot;autoScaleSliderWidth&quot;:2000,&quot;autoScaleSliderHeight&quot;:1333}'><\/div><\/div><\/div><div class=\"l-section-overlay\" style=\"background:linear-gradient(105deg,#000000,rgba(0,0,0,0.15))\"><\/div><div class=\"l-section-h i-cf\"><div class=\"g-cols vc_row via_grid cols_1-3 laptops-cols_inherit tablets-cols_1 mobiles-cols_1 valign_middle type_default stacking_default\" style=\"--columns-gap:0rem;\"><div class=\"wpb_column vc_column_container us_custom_1fa220c8 us_animate_this\"><div class=\"vc_column-inner\"><div class=\"w-separator size_huge\"><\/div><div class=\"wpb_text_column us_custom_d6b95fa3\"><div class=\"wpb_wrapper\"><p>O diferencial<\/p>\n<p>mora nos<\/p>\n<\/div><\/div><div class=\"wpb_text_column us_custom_aa58a713\"><div class=\"wpb_wrapper\"><p><em>detalhes<\/em><\/p>\n<\/div><\/div><div class=\"w-separator size_large\"><\/div><div class=\"w-separator size_large\"><\/div><\/div><\/div><div class=\"wpb_column vc_column_container\"><div class=\"vc_column-inner\"><\/div><\/div><\/div><\/div><\/section><section class=\"l-section wpb_row us_custom_1d7067cd height_medium full_height valign_center\" id=\"sobrenos\"><div class=\"l-section-h i-cf\"><div class=\"g-cols vc_row via_grid cols_2 laptops-cols_inherit tablets-cols_inherit mobiles-cols_1 valign_middle type_default stacking_default\" style=\"--columns-gap:1.5rem;\"><div class=\"wpb_column vc_column_container us_custom_e33a8179 us_animate_this\"><div class=\"vc_column-inner\"><div class=\"w-separator size_huge\"><\/div><div class=\"w-image us_custom_9431fa8a hide_on_tablets hide_on_mobiles has_ratio align_left\"><div class=\"w-image-h\"><div style=\"padding-bottom:100%\"><\/div><img decoding=\"async\" width=\"800\" height=\"768\" src=\"https:\/\/renzex.com.br\/wp-content\/uploads\/renzex-moveis-arapongas.webp\" class=\"attachment-null size-null\" alt=\"\" loading=\"lazy\" \/><\/div><\/div><\/div><\/div><div class=\"wpb_column vc_column_container us_custom_a29d524d us_animate_this\"><div class=\"vc_column-inner\"><div class=\"w-separator size_huge\"><\/div><h2 class=\"w-text us_custom_7ae19743 has_text_color\"><span class=\"w-text-h\"><span class=\"w-text-value\">Sobre n\u00f3s<\/span><\/span><\/h2><div class=\"wpb_text_column us_custom_1f257949\"><div class=\"wpb_wrapper\"><p>A constante evolu\u00e7\u00e3o do mercado moveleiro cria uma sele\u00e7\u00e3o natural de produtos e servi\u00e7os. Neste turbilh\u00e3o de exig\u00eancias com qualidade, seriedade na entrega e cria\u00e7\u00e3o de produtos de ponta, a Renzex se encontra muito bem posicionada. Com a produ\u00e7\u00e3o de produtos que atendam as mais exigentes empresas do mercado, criamos solu\u00e7\u00f5es e agregamos valor as linhas que est\u00e3o em destaque no painel moveleiro nacional. Atualmente nossa linha de produtos comp\u00f5e: interruptores, reatores, fia\u00e7\u00f5es, l\u00e2mpadas, spots, cabideiros, testeiras, perfil para porta, travessas, puxadores, perfil puxador al\u00e9m de diversos outros itens.<\/p>\n<p>A cada dia conquistamos mais e mais clientes com nossa conduta \u00e9tica, objetiva, din\u00e2mica e transparente, sempre com a preocupa\u00e7\u00e3o de sermos perfeitos em todos os passos de cada processo, desde a cria\u00e7\u00e3o de cada produto at\u00e9 a sua entrega ao cliente.<\/p>\n<\/div><\/div><div class=\"w-separator size_small\"><\/div><div class=\"w-btn-wrapper align_left\"><a class=\"w-btn us-btn-style_5\" title=\"Experi\u00eancias\" href=\"#produtos\"><span class=\"w-btn-label\">conhe\u00e7a nossas linhas<\/span><\/a><\/div><div class=\"w-separator size_huge\"><\/div><\/div><\/div><\/div><\/div><\/section><section class=\"l-section wpb_row us_custom_315b8835 height_medium width_full\" id=\"produtos\"><div class=\"l-section-h i-cf\"><div class=\"g-cols vc_row via_grid cols_2 laptops-cols_inherit tablets-cols_inherit mobiles-cols_1 valign_middle type_default stacking_default\" style=\"--columns-gap:0rem;\"><div class=\"wpb_column vc_column_container us_custom_e33a8179 us_animate_this\"><div class=\"vc_column-inner\"><div class=\"w-ibanner animation_phorcys ratio_4x3 easing_ease\"><a href=\"https:\/?categoria-de-produto=iluminacao\" aria-label=\"Ilumina\u00e7\u00e3o\"><\/a><div class=\"w-ibanner-h\"><div class=\"w-ibanner-image\" style=\"background-image: url(https:\/\/renzex.com.br\/wp-content\/uploads\/2150771943.webp)\"><\/div><div class=\"w-ibanner-content\"><div class=\"w-ibanner-content-h\"><h2 class=\"w-ibanner-title\">Ilumina\u00e7\u00e3o<\/h2><div class=\"w-ibanner-desc\"><p>Clique e conhe\u00e7a<\/p>\n<\/div><\/div><\/div><\/div><\/div><\/div><\/div><div class=\"wpb_column vc_column_container us_custom_f1a4f275 us_animate_this\"><div class=\"vc_column-inner\"><div class=\"w-ibanner animation_phorcys ratio_4x3 easing_ease\"><a href=\"https:\/?categoria-de-produto=perfis\" aria-label=\"Perfis\"><\/a><div class=\"w-ibanner-h\"><div class=\"w-ibanner-image\" style=\"background-image: url(https:\/\/renzex.com.br\/wp-content\/uploads\/21507719432.webp)\"><\/div><div class=\"w-ibanner-content\"><div class=\"w-ibanner-content-h\"><h2 class=\"w-ibanner-title\">Perfis<\/h2><div class=\"w-ibanner-desc\"><p>Clique e conhe\u00e7a<\/p>\n<\/div><\/div><\/div><\/div><\/div><\/div><\/div><\/div><\/div><\/section><section class=\"l-section wpb_row hide_on_default hide_on_laptops hide_on_tablets hide_on_mobiles height_auto\" id=\"blog\"><div class=\"l-section-h i-cf\"><div class=\"g-cols vc_row via_grid cols_1 laptops-cols_inherit tablets-cols_inherit mobiles-cols_1 valign_middle type_default stacking_default\"><div class=\"wpb_column vc_column_container\"><div class=\"vc_column-inner\"><div class=\"w-separator size_medium with_line width_default thick_1 style_solid color_border align_center with_text with_content\"><div class=\"w-separator-h\"><h6 class=\"w-separator-text\"><span>Not\u00edcias &amp; Novidades<\/span><\/h6><\/div><\/div><div class=\"w-separator size_small\"><\/div><div class=\"w-grid us_grid type_grid layout_blog_8 cols_2 preload_style_spinner ratio_1x1\" id=\"us_grid_1\" style=\"--columns:2;--gap:1.5rem;--item-ratio:1;\" data-filterable=\"true\"><style>@media (max-width:600px){#us_grid_1{--columns:1!important}}.layout_blog_8 .w-grid-item-h{}@media(max-width:599px){.layout_blog_8 .usg_post_date_1{display:none!important}}@media(max-width:599px){.layout_blog_8 .usg_post_content_1{display:none!important}}.layout_blog_8 .usg_post_image_1{width:50%!important}.layout_blog_8 .usg_vwrapper_1{width:50%!important;margin-right:0!important}.layout_blog_8 .usg_hwrapper_2{margin-bottom:0!important}.layout_blog_8 .usg_post_taxonomy_1{font-size:14px!important;line-height:1.4!important;font-weight:700!important;text-transform:uppercase!important;margin-right:0.8rem!important}.layout_blog_8 .usg_post_date_1{color:var(--color-content-faded)!important;font-size:14px!important;line-height:1.4!important}.layout_blog_8 .usg_post_title_1{color:var(--color-content-heading)!important;font-size:1.8rem!important;line-height:1.2!important;margin-right:-35%!important;margin-bottom:0!important;padding-top:1rem!important;padding-right:1.2rem!important;padding-bottom:1rem!important;background:var(--color-content-bg)!important}.layout_blog_8 .usg_post_content_1{font-size:0.9rem!important;line-height:1.6!important;padding-right:1.5rem!important}@media (max-width:600px){.layout_blog_8 .usg_post_title_1{font-size:1.2rem!important;margin-right:0!important;padding-bottom:0!important}}<\/style><div class=\"w-grid-list\">\t<article class=\"w-grid-item size_1x1 post-1813 post type-post status-publish format-standard hentry category-geral\" data-id=\"1813\">\r\n\t\t<div class=\"w-grid-item-h\">\r\n\t\t\t\t\t\t\t<a href=\"https:\/\/renzex.com.br\/?p=1813\" class=\"w-grid-item-anchor\" aria-label=\"Como Escolher o Perfil de Alum\u00ednio Ideal para Cada Tipo de M\u00f3vel\"><\/a>\r\n\t\t\t\t\t\t<div class=\"w-hwrapper usg_hwrapper_1 align_none valign_top\"><div class=\"w-vwrapper usg_vwrapper_1 align_none valign_top\"><div class=\"w-hwrapper usg_hwrapper_2 align_none valign_top wrap\"><div class=\"w-post-elm post_taxonomy usg_post_taxonomy_1 style_simple\"><span class=\"term-1 term-geral\">Geral<\/span><\/div><time class=\"w-post-elm post_date usg_post_date_1 has_text_color entry-date published\" datetime=\"2025-03-20T10:38:35-03:00\" title=\"20 mar\u00e7o 2025 \u00e0s 10:38:35 -03:00\">1 ano atr\u00e1s<\/time><\/div><h2 class=\"w-post-elm post_title usg_post_title_1 has_text_color entry-title color_link_inherit\">Como Escolher o Perfil de Alum\u00ednio Ideal para Cada Tipo de M\u00f3vel<\/h2><div class=\"w-post-elm post_content usg_post_content_1\"><p>Descubra o perfil certo e transforme seu m\u00f3vel com estilo!<\/p>\n<\/div><\/div><div class=\"w-post-elm post_image usg_post_image_1 has_width has_ratio with_placeholder\"><img loading=\"lazy\" decoding=\"async\" class=\"g-placeholder\" src=\"https:\/\/renzex.com.br\/wp-content\/plugins\/us-core\/assets\/images\/placeholder.svg\" width=\"1024\" height=\"1024\" alt><div style=\"padding-bottom:100%\"><\/div><\/div><\/div>\t\t<\/div>\r\n\t\t\t<\/article>\r\n\t<article class=\"w-grid-item size_1x1 post-1814 post type-post status-publish format-standard hentry category-geral\" data-id=\"1814\">\r\n\t\t<div class=\"w-grid-item-h\">\r\n\t\t\t\t\t\t\t<a href=\"https:\/\/renzex.com.br\/?p=1814\" class=\"w-grid-item-anchor\" aria-label=\"Valorizando Ambientes com Perfis de Alum\u00ednio: Dicas de Decora\u00e7\u00e3o\"><\/a>\r\n\t\t\t\t\t\t<div class=\"w-hwrapper usg_hwrapper_1 align_none valign_top\"><div class=\"w-vwrapper usg_vwrapper_1 align_none valign_top\"><div class=\"w-hwrapper usg_hwrapper_2 align_none valign_top wrap\"><div class=\"w-post-elm post_taxonomy usg_post_taxonomy_1 style_simple\"><span class=\"term-1 term-geral\">Geral<\/span><\/div><time class=\"w-post-elm post_date usg_post_date_1 has_text_color entry-date published\" datetime=\"2025-03-20T10:38:35-03:00\" title=\"20 mar\u00e7o 2025 \u00e0s 10:38:35 -03:00\">1 ano atr\u00e1s<\/time><\/div><h2 class=\"w-post-elm post_title usg_post_title_1 has_text_color entry-title color_link_inherit\">Valorizando Ambientes com Perfis de Alum\u00ednio: Dicas de Decora\u00e7\u00e3o<\/h2><div class=\"w-post-elm post_content usg_post_content_1\"><p>Transforme seu espa\u00e7o com perfis de alum\u00ednio brilhantes!<\/p>\n<\/div><\/div><div class=\"w-post-elm post_image usg_post_image_1 has_width has_ratio with_placeholder\"><img loading=\"lazy\" decoding=\"async\" class=\"g-placeholder\" src=\"https:\/\/renzex.com.br\/wp-content\/plugins\/us-core\/assets\/images\/placeholder.svg\" width=\"1024\" height=\"1024\" alt><div style=\"padding-bottom:100%\"><\/div><\/div><\/div>\t\t<\/div>\r\n\t\t\t<\/article>\r\n<\/div>\t<div class=\"w-grid-preloader\">\r\n\t\t<div class=\"g-preloader type_1\">\r\n\t\t\t<div><\/div>\r\n\t\t<\/div>\r\n\t<\/div>\r\n\t\t<div class=\"w-grid-json hidden\" onclick='return {&quot;action&quot;:&quot;us_ajax_grid&quot;,&quot;infinite_scroll&quot;:0,&quot;max_num_pages&quot;:49,&quot;pagination&quot;:&quot;none&quot;,&quot;template_vars&quot;:{&quot;columns&quot;:&quot;2&quot;,&quot;exclude_items&quot;:&quot;none&quot;,&quot;img_size&quot;:&quot;default&quot;,&quot;ignore_items_size&quot;:0,&quot;items_layout&quot;:&quot;blog_8&quot;,&quot;items_offset&quot;:&quot;1&quot;,&quot;load_animation&quot;:&quot;none&quot;,&quot;overriding_link&quot;:&quot;%7B%22type%22%3A%22post%22%7D&quot;,&quot;post_id&quot;:0,&quot;query_args&quot;:{&quot;post_type&quot;:[&quot;post&quot;],&quot;post_status&quot;:[&quot;publish&quot;,&quot;acf-disabled&quot;],&quot;posts_per_page&quot;:&quot;2&quot;},&quot;orderby_query_args&quot;:{&quot;orderby&quot;:{&quot;date&quot;:&quot;DESC&quot;}},&quot;type&quot;:&quot;grid&quot;,&quot;us_grid_post_type&quot;:&quot;post&quot;,&quot;us_grid_ajax_index&quot;:1,&quot;us_grid_filter_query_string&quot;:null,&quot;us_grid_index&quot;:1,&quot;page_args&quot;:[]}}'><\/div>\r\n\t<\/div><\/div><\/div><\/div><\/div><\/section><section class=\"l-section wpb_row us_custom_e33a8179 us_animate_this height_auto\"><div class=\"l-section-h i-cf\"><div class=\"g-cols vc_row via_grid cols_2 laptops-cols_inherit tablets-cols_inherit mobiles-cols_1 valign_middle type_default reversed stacking_default\" style=\"--columns-gap:0rem;\"><div class=\"wpb_column vc_column_container us_custom_bc4df1da has_text_color has_bg_color\"><div class=\"vc_column-inner\"><h2 class=\"w-text us_custom_d63ab330\"><span class=\"w-text-h\"><span class=\"w-text-value\">Envie uma mensagem e fale com a nossa equipe<\/span><\/span><\/h2><form class=\"w-form  us-field-style_1 us_custom_6df4bc3a has_text_color layout_ver show_message_after_sending for_cform us_form_1\" action=\"https:\/\/renzex.com.br\/index.php?rest_route=%2Fwp%2Fv2%2Fpages%2F20\" method=\"post\" style=\"--fields-gap:0.5rem\"><div class=\"w-form-h\"><div class=\"w-form-row for_text\">\r\n\t\t<div class=\"w-form-row-field\">\r\n\t\t\t\t\t\t<input aria-label=\"Nome\" type=\"text\" name=\"us_form_1_text_1\" value placeholder=\"Nome\"\/>\r\n\t\t\t<\/div>\r\n\t\t<div class=\"w-form-row-state\">Preencha esse campo<\/div>\r\n<\/div>\r\n<div class=\"w-form-row for_text\">\r\n\t\t<div class=\"w-form-row-field\">\r\n\t\t\t\t\t\t<input aria-label=\"Telefone\" type=\"text\" name=\"us_form_1_text_2\" value placeholder=\"Telefone\"\/>\r\n\t\t\t<\/div>\r\n\t\t<div class=\"w-form-row-state\">Preencha esse campo<\/div>\r\n<\/div>\r\n<div class=\"w-form-row for_email\">\r\n\t\t<div class=\"w-form-row-field\">\r\n\t\t\t\t\t\t<input aria-label=\"E-mail\" type=\"email\" name=\"us_form_1_email_1\" value placeholder=\"E-mail\"\/>\r\n\t\t\t<\/div>\r\n\t\t<div class=\"w-form-row-state\">Digite um endere\u00e7o de e-mail v\u00e1lido.<\/div>\r\n<\/div>\r\n<div class=\"w-form-row for_textarea\">\r\n\t\t<div class=\"w-form-row-field\">\r\n\t\t\t\t\t\t<textarea aria-label=\"Mensagem\" name=\"us_form_1_textarea_1\" placeholder=\"Mensagem\"><\/textarea>\r\n\t\t\t<\/div>\r\n\t\t<div class=\"w-form-row-state\">Preencha esse campo<\/div>\r\n<\/div>\r\n<input type=\"hidden\" name=\"action\" value=\"us_ajax_cform\" \/>\r\n<input type=\"hidden\" name=\"post_id\" value=\"0\" \/>\r\n<input type=\"hidden\" name=\"form_index\" value=\"1\" \/>\r\n<div class=\"w-form-row for_submit align_justify\">\r\n\t<button class=\"w-btn  us-btn-style_7\" aria-label=\"Enviar\" type=\"submit\">\r\n\t\t<span class=\"g-preloader type_1\"><\/span>\r\n\t\t\t\t<span class=\"w-btn-label\">Enviar<\/span>\r\n\t\t\t<\/button>\r\n\t<\/div>\r\n<\/div><div class=\"w-form-message\"><\/div><div class=\"w-form-json hidden\" onclick='return {&quot;ajaxurl&quot;:&quot;https:\\\/\\\/renzex.com.br\\\/wp-admin\\\/admin-ajax.php&quot;,&quot;messages&quot;:{&quot;err_empty&quot;:&quot;Preencha esse campo&quot;,&quot;err_size&quot;:&quot;O tamanho do arquivo n\\u00e3o pode exceder %s MB&quot;,&quot;err_extension&quot;:&quot;O tipo de arquivo %s n\\u00e3o \\u00e9 permitido&quot;,&quot;err_recaptcha_keys&quot;:&quot;As chaves do reCAPTCHA est\\u00e3o incorretas&quot;}}'><\/div><\/form><\/div><\/div><div class=\"wpb_column vc_column_container us_custom_9d1cc5a8 has_bg_color\"><div class=\"vc_column-inner\"><\/div><\/div><\/div><\/div><\/section><section class=\"l-section wpb_row height_medium\"><div class=\"l-section-h i-cf\"><div class=\"g-cols vc_row via_grid cols_1 laptops-cols_inherit tablets-cols_inherit mobiles-cols_1 valign_top type_default stacking_default\"><div class=\"wpb_column vc_column_container\"><div class=\"vc_column-inner\"><div class=\"w-separator size_medium\"><\/div><div class=\"w-popup align_none\"><span  class=\"w-popup-trigger type_load\" data-options=\"{&quot;delay&quot;:4}\"><\/span><div class=\"w-popup-overlay\" style=\"background:rgba(0,0,0,0.60);\"><\/div><div class=\"w-popup-wrap layout_default\" role=\"dialog\" aria-modal=\"true\" aria-label=\"Popup\" style=\"--title-color:var(--color-content-heading);--title-bg-color:var(--color-content-bg-alt);--content-color:var(--color-content-text);--content-bg-color:var(--color-content-bg);--popup-width:600px;--popup-padding:0%;\"><button aria-label=\"Fechar\" class=\"w-popup-closer\" type=\"button\"><\/button><div class=\"w-popup-box animation_fadeIn closerpos_outside without_title\"><div class=\"w-popup-box-h\"><div class=\"w-popup-box-content\"><p><img loading=\"lazy\" decoding=\"async\" class=\"aligncenter wp-image-1871 size-full\" src=\"https:\/\/renzex.com.br\/wp-content\/uploads\/45p.png\" alt=\"\" width=\"600\" height=\"600\" \/><\/p>\n<\/div><\/div><\/div><\/div><\/div><\/div><\/div><\/div><\/div><\/section>\n","protected":false},"excerpt":{"rendered":"A decora\u00e7\u00e3o de ambientes \u00e9 uma arte que transforma espa\u00e7os comuns em verdadeiros ref\u00fagios de estilo e sofistica\u00e7\u00e3o. Entre os muitos materiais dispon\u00edveis, o alum\u00ednio se destaca como uma op\u00e7\u00e3o vers\u00e1til e moderna, capaz de agregar valor a qualquer projeto. Os produtos da Renzex trazem inova\u00e7\u00e3o e qualidade, permitindo que arquitetos e decoradores criem ambientes...","protected":false},"author":1,"featured_media":0,"parent":0,"menu_order":0,"comment_status":"closed","ping_status":"closed","template":"","meta":{"_acf_changed":false,"footnotes":""},"class_list":["post-20","page","type-page","status-publish","hentry"],"acf":[],"_links":{"self":[{"href":"https:\/\/renzex.com.br\/index.php?rest_route=\/wp\/v2\/pages\/20","targetHints":{"allow":["GET"]}}],"collection":[{"href":"https:\/\/renzex.com.br\/index.php?rest_route=\/wp\/v2\/pages"}],"about":[{"href":"https:\/\/renzex.com.br\/index.php?rest_route=\/wp\/v2\/types\/page"}],"author":[{"embeddable":true,"href":"https:\/\/renzex.com.br\/index.php?rest_route=\/wp\/v2\/users\/1"}],"replies":[{"embeddable":true,"href":"https:\/\/renzex.com.br\/index.php?rest_route=%2Fwp%2Fv2%2Fcomments&post=20"}],"version-history":[{"count":56,"href":"https:\/\/renzex.com.br\/index.php?rest_route=\/wp\/v2\/pages\/20\/revisions"}],"predecessor-version":[{"id":1224,"href":"https:\/\/renzex.com.br\/index.php?rest_route=\/wp\/v2\/pages\/20\/revisions\/1224"}],"wp:attachment":[{"href":"https:\/\/renzex.com.br\/index.php?rest_route=%2Fwp%2Fv2%2Fmedia&parent=20"}],"curies":[{"name":"wp","href":"https:\/\/api.w.org\/{rel}","templated":true}]}}